{"id":228,"date":"2020-06-02T22:27:02","date_gmt":"2020-06-02T22:27:02","guid":{"rendered":"http:\/\/www.proyectoscpiocruce.com\/cpiocruceradio\/?page_id=228"},"modified":"2021-03-05T11:31:41","modified_gmt":"2021-03-05T11:31:41","slug":"home","status":"publish","type":"page","link":"http:\/\/www.proyectoscpiocruce.com\/cpiocruceradio\/es\/home\/","title":{"rendered":"Inicio"},"content":{"rendered":"<p><span style=\"vertical-align: inherit;\"><span style=\"vertical-align: inherit;\"><span style=\"vertical-align: inherit;\"><span style=\"vertical-align: inherit;\"><span style=\"vertical-align: inherit;\"><span style=\"vertical-align: inherit;\"><span style=\"vertical-align: inherit;\"><span style=\"vertical-align: inherit;\"><span style=\"vertical-align: inherit;\"><span style=\"vertical-align: inherit;\"><span style=\"vertical-align: inherit;\"><span style=\"vertical-align: inherit;\"><span style=\"vertical-align: inherit;\"><span style=\"vertical-align: inherit;\">Con esta <\/span><\/span><\/span><\/span><\/span><\/span><a href=\"http:\/\/www.proyectoscpiocruce.com\/cpiocruceradio\/wp-content\/uploads\/2021\/02\/personajesRP.pdf\" target=\"_blank\" rel=\"noopener\"><span style=\"vertical-align: inherit;\"><span style=\"vertical-align: inherit;\"><span style=\"vertical-align: inherit;\"><span style=\"vertical-align: inherit;\"><span style=\"vertical-align: inherit;\"><span style=\"vertical-align: inherit;\">propuesta did\u00e1ctica<\/span><\/span><\/span><\/span><\/span><\/span><\/a><span style=\"vertical-align: inherit;\"><span style=\"vertical-align: inherit;\"><span style=\"vertical-align: inherit;\"><span style=\"vertical-align: inherit;\"><span style=\"vertical-align: inherit;\"><span style=\"vertical-align: inherit;\"> trabajamos biograf\u00edas de personas que destacaron en Galicia como Castelao, Amancio Ortega, Fernando Romay, ..<\/span><\/span><\/span><\/span><\/span><\/span><\/span><\/span><\/span><\/span><\/span><\/span><\/span><\/span><\/p>\n<p><span style=\"vertical-align: inherit;\"><span style=\"vertical-align: inherit;\"><span style=\"vertical-align: inherit;\"><span style=\"vertical-align: inherit;\"><span style=\"vertical-align: inherit;\"><span style=\"vertical-align: inherit;\"><span style=\"vertical-align: inherit;\"><span style=\"vertical-align: inherit;\"><span style=\"vertical-align: inherit;\"><span style=\"vertical-align: inherit;\"><span style=\"vertical-align: inherit;\"><span style=\"vertical-align: inherit;\"><span style=\"vertical-align: inherit;\"><span style=\"vertical-align: inherit;\">Aqu\u00ed tienes los podcasts de esos personajes realizados por alumnos de 1\u00ba de ESO. <\/span><\/span><\/span><\/span><\/span><\/span><\/span><\/span><\/span><\/span><\/span><\/span><\/span><span style=\"vertical-align: inherit;\"><span style=\"vertical-align: inherit;\"><span style=\"vertical-align: inherit;\"><span style=\"vertical-align: inherit;\"><span style=\"vertical-align: inherit;\"><span style=\"vertical-align: inherit;\"><span style=\"vertical-align: inherit;\"><span style=\"vertical-align: inherit;\"><span style=\"vertical-align: inherit;\"><span style=\"vertical-align: inherit;\"><span style=\"vertical-align: inherit;\"><span style=\"vertical-align: inherit;\"><span style=\"vertical-align: inherit;\">Los podcasts est\u00e1n en gallgo y en ingl\u00e9s. <\/span><\/span><\/span><\/span><\/span><\/span><\/span><\/span><\/span><\/span><\/span><\/span><\/span><span style=\"vertical-align: inherit;\"><span style=\"vertical-align: inherit;\"><span style=\"vertical-align: inherit;\"><span style=\"vertical-align: inherit;\"><span style=\"vertical-align: inherit;\"><span style=\"vertical-align: inherit;\"><span style=\"vertical-align: inherit;\"><span style=\"vertical-align: inherit;\"><span style=\"vertical-align: inherit;\"><span style=\"vertical-align: inherit;\"><span style=\"vertical-align: inherit;\"><span style=\"vertical-align: inherit;\"><span style=\"vertical-align: inherit;\">Ver en podcasts \u201cBIOGRAFIAS\u201d<\/span><\/span><\/span><\/span><\/span><\/span><\/span><\/span><\/span><\/span><\/span><\/span><\/span><\/span><\/p>\n<p><span style=\"vertical-align: inherit;\"><span style=\"vertical-align: inherit;\"><span style=\"vertical-align: inherit;\"><span style=\"vertical-align: inherit;\">Una propuesta did\u00e1tica implementada con VR pretenden que los alumnos aprendan en el proceso de su implementaci\u00f3n sino tambi\u00e9n que esos materiales puedan ser vistos con gafas 3D siendo utilizado como material de aprendizaje para otros alumnos. <\/span><\/span><\/span><span style=\"vertical-align: inherit;\"><span style=\"vertical-align: inherit;\"><span style=\"vertical-align: inherit;\">Nos referimos a hechos h\u00edst\u00f3ricos que tuvieron lugar en A coru\u00f1a y alrededores ejemplo \u201cLa Armada Invencible, la guerra de la independencia (Batalla de Elvi\u00f1a), Los <\/span><\/span><\/span><\/span><b><span style=\"vertical-align: inherit;\"><span style=\"vertical-align: inherit;\"><span style=\"vertical-align: inherit;\"><span style=\"vertical-align: inherit;\">M\u00e1rtires de Carral,<\/span><\/span><\/span><\/span><\/b><span style=\"vertical-align: inherit;\"><span style=\"vertical-align: inherit;\"><span style=\"vertical-align: inherit;\"><span style=\"vertical-align: inherit;\"> se conoce con este nonbre <\/span><\/span><\/span><\/span><span style=\"vertical-align: inherit;\"><span style=\"vertical-align: inherit;\"><span style=\"vertical-align: inherit;\"><span style=\"vertical-align: inherit;\">a los militares sublevados en varios lugares de <\/span><\/span><\/span><a href=\"https:\/\/es.wikipedia.org\/wiki\/Galicia\"><span style=\"vertical-align: inherit;\"><span style=\"vertical-align: inherit;\"><span style=\"vertical-align: inherit;\">Galicia<\/span><\/span><\/span><\/a><span style=\"vertical-align: inherit;\"><span style=\"vertical-align: inherit;\"><span style=\"vertical-align: inherit;\"> en <\/span><\/span><\/span><a href=\"https:\/\/es.wikipedia.org\/wiki\/1846\"><span style=\"vertical-align: inherit;\"><span style=\"vertical-align: inherit;\"><span style=\"vertical-align: inherit;\">1846<\/span><\/span><\/span><\/a><span style=\"vertical-align: inherit;\"><span style=\"vertical-align: inherit;\"><span style=\"vertical-align: inherit;\"> contra el presidente Narv\u00e1ez, que fueron ejecutados en la villa coru\u00f1esa de <\/span><\/span><\/span><a href=\"https:\/\/es.wikipedia.org\/wiki\/Carral\"><span style=\"vertical-align: inherit;\"><span style=\"vertical-align: inherit;\"><span style=\"vertical-align: inherit;\">Carral<\/span><\/span><\/span><\/a><span style=\"vertical-align: inherit;\"><span style=\"vertical-align: inherit;\"><span style=\"vertical-align: inherit;\"> &#8230;..<\/span><\/span><\/span><\/span><b> <\/b><\/p>\n<p><span style=\"vertical-align: inherit;\"><span style=\"vertical-align: inherit;\"><span style=\"vertical-align: inherit;\"><span style=\"vertical-align: inherit;\"><span style=\"vertical-align: inherit;\"><span style=\"vertical-align: inherit;\">Los podcasts recogen entrevistas con peronalidades como Felipe II, Mar\u00eda Pita, el General john Moore &#8230; Ver los podcasts \u201cEntrevistas\u201d<\/span><\/span><\/span><\/span><\/span><\/span><\/p>\n","protected":false},"excerpt":{"rendered":"<p>Con esta propuesta did\u00e1ctica trabajamos biograf\u00edas de personas que destacaron en Galicia como Castelao, Amancio Ortega, Fernando Romay, .. Aqu\u00ed tienes los podcasts de esos personajes realizados por alumnos de 1\u00ba de ESO. Los podcasts est\u00e1n en gallgo y en ingl\u00e9s. Ver en podcasts \u201cBIOGRAFIAS\u201d Una propuesta did\u00e1tica implementada con VR pretenden que los alumnos &hellip; <a href=\"http:\/\/www.proyectoscpiocruce.com\/cpiocruceradio\/es\/home\/\" class=\"more-link\">Continuar leyendo<span class=\"screen-reader-text\"> \u00abInicio\u00bb<\/span><\/a><\/p>\n","protected":false},"author":2,"featured_media":0,"parent":0,"menu_order":0,"comment_status":"closed","ping_status":"closed","template":"","meta":{"footnotes":""},"translation":{"provider":"WPGlobus","version":"2.12.2","language":"es","enabled_languages":["gb","es","gl"],"languages":{"gb":{"title":true,"content":true,"excerpt":false},"es":{"title":true,"content":true,"excerpt":false},"gl":{"title":true,"content":true,"excerpt":false}}},"_links":{"self":[{"href":"http:\/\/www.proyectoscpiocruce.com\/cpiocruceradio\/es\/wp-json\/wp\/v2\/pages\/228"}],"collection":[{"href":"http:\/\/www.proyectoscpiocruce.com\/cpiocruceradio\/es\/wp-json\/wp\/v2\/pages"}],"about":[{"href":"http:\/\/www.proyectoscpiocruce.com\/cpiocruceradio\/es\/wp-json\/wp\/v2\/types\/page"}],"author":[{"embeddable":true,"href":"http:\/\/www.proyectoscpiocruce.com\/cpiocruceradio\/es\/wp-json\/wp\/v2\/users\/2"}],"replies":[{"embeddable":true,"href":"http:\/\/www.proyectoscpiocruce.com\/cpiocruceradio\/es\/wp-json\/wp\/v2\/comments?post=228"}],"version-history":[{"count":27,"href":"http:\/\/www.proyectoscpiocruce.com\/cpiocruceradio\/es\/wp-json\/wp\/v2\/pages\/228\/revisions"}],"predecessor-version":[{"id":462,"href":"http:\/\/www.proyectoscpiocruce.com\/cpiocruceradio\/es\/wp-json\/wp\/v2\/pages\/228\/revisions\/462"}],"wp:attachment":[{"href":"http:\/\/www.proyectoscpiocruce.com\/cpiocruceradio\/es\/wp-json\/wp\/v2\/media?parent=228"}],"curies":[{"name":"wp","href":"https:\/\/api.w.org\/{rel}","templated":true}]}}