{"id":241,"date":"2020-06-02T22:27:15","date_gmt":"2020-06-02T22:27:15","guid":{"rendered":"http:\/\/www.proyectoscpiocruce.com\/cpiocruceradio\/?page_id=241"},"modified":"2020-06-03T20:02:47","modified_gmt":"2020-06-03T20:02:47","slug":"partners","status":"publish","type":"page","link":"http:\/\/www.proyectoscpiocruce.com\/cpiocruceradio\/es\/partners\/","title":{"rendered":"Socios"},"content":{"rendered":"<h6><span style=\"color: #0000ff;\">Universidade de Santiago de Compostela (SPAIN) \u2013 Leader\/coordinator <\/span><\/h6>\n<h5><span style=\"color: #0000ff;\">National Agency for Education (LITHUANIA)<\/span><\/h5>\n<h5><span style=\"color: #0000ff;\">Radio Coru\u00f1a SL \u2013 Cadena SER (SPAIN)<\/span><\/h5>\n<h5><span style=\"color: #0000ff;\">Fundaci\u00f3n p\u00fablica Gallega Centro Tecnol\u00f3gico de Supercomputaci\u00f3n de Galicia<\/span><\/h5>\n<h5><span style=\"color: #0000ff;\">Scuola Secondaria Di Primo Grado A. Criscuolo (ITALY)<\/span><\/h5>\n<h5 class=\"widget-title\"><span style=\"color: #0000ff;\">Centro P\u00fablico Integrado O Cruce (SPAIN)<\/span><\/h5>\n<h5><span style=\"color: #0000ff;\">Agrupamento de Escolas de Barcelos (PORTUGAL)<\/span><\/h5>\n","protected":false},"excerpt":{"rendered":"<p>Universidade de Santiago de Compostela (SPAIN) \u2013 Leader\/coordinator National Agency for Education (LITHUANIA) Radio Coru\u00f1a SL \u2013 Cadena SER (SPAIN) Fundaci\u00f3n p\u00fablica Gallega Centro Tecnol\u00f3gico de Supercomputaci\u00f3n de Galicia Scuola Secondaria Di Primo Grado A. Criscuolo (ITALY) Centro P\u00fablico Integrado O Cruce (SPAIN) Agrupamento de Escolas de Barcelos (PORTUGAL)<\/p>\n","protected":false},"author":2,"featured_media":0,"parent":0,"menu_order":0,"comment_status":"closed","ping_status":"closed","template":"","meta":{"footnotes":""},"translation":{"provider":"WPGlobus","version":"2.12.2","language":"es","enabled_languages":["gb","es","gl"],"languages":{"gb":{"title":true,"content":true,"excerpt":false},"es":{"title":true,"content":false,"excerpt":false},"gl":{"title":true,"content":false,"excerpt":false}}},"_links":{"self":[{"href":"http:\/\/www.proyectoscpiocruce.com\/cpiocruceradio\/es\/wp-json\/wp\/v2\/pages\/241"}],"collection":[{"href":"http:\/\/www.proyectoscpiocruce.com\/cpiocruceradio\/es\/wp-json\/wp\/v2\/pages"}],"about":[{"href":"http:\/\/www.proyectoscpiocruce.com\/cpiocruceradio\/es\/wp-json\/wp\/v2\/types\/page"}],"author":[{"embeddable":true,"href":"http:\/\/www.proyectoscpiocruce.com\/cpiocruceradio\/es\/wp-json\/wp\/v2\/users\/2"}],"replies":[{"embeddable":true,"href":"http:\/\/www.proyectoscpiocruce.com\/cpiocruceradio\/es\/wp-json\/wp\/v2\/comments?post=241"}],"version-history":[{"count":6,"href":"http:\/\/www.proyectoscpiocruce.com\/cpiocruceradio\/es\/wp-json\/wp\/v2\/pages\/241\/revisions"}],"predecessor-version":[{"id":302,"href":"http:\/\/www.proyectoscpiocruce.com\/cpiocruceradio\/es\/wp-json\/wp\/v2\/pages\/241\/revisions\/302"}],"wp:attachment":[{"href":"http:\/\/www.proyectoscpiocruce.com\/cpiocruceradio\/es\/wp-json\/wp\/v2\/media?parent=241"}],"curies":[{"name":"wp","href":"https:\/\/api.w.org\/{rel}","templated":true}]}}